{"id":393,"date":"2023-05-19T09:06:48","date_gmt":"2023-05-19T09:06:48","guid":{"rendered":"https:\/\/caboresiduos.com\/?page_id=393"},"modified":"2023-05-19T09:12:12","modified_gmt":"2023-05-19T09:12:12","slug":"politica-de-cookies","status":"publish","type":"page","link":"https:\/\/caboresiduos.com\/index.php\/politica-de-cookies\/","title":{"rendered":"Pol\u00edtica de cookies"},"content":{"rendered":"\t\t<div data-elementor-type=\"wp-page\" data-elementor-id=\"393\" class=\"elementor elementor-393\" data-elementor-post-type=\"page\">\n\t\t\t\t\t\t<section class=\"elementor-section elementor-top-section elementor-element elementor-element-d39be5a elementor-section-boxed elementor-section-height-default elementor-section-height-default\" data-id=\"d39be5a\" data-element_type=\"section\" data-e-type=\"section\">\n\t\t\t\t\t\t<div class=\"elementor-container elementor-column-gap-default\">\n\t\t\t\t\t<div class=\"elementor-column elementor-col-100 elementor-top-column elementor-element elementor-element-70fea02\" data-id=\"70fea02\" data-element_type=\"column\" data-e-type=\"column\">\n\t\t\t<div class=\"elementor-widget-wrap elementor-element-populated\">\n\t\t\t\t\t\t<div class=\"elementor-element elementor-element-e303421 elementor-widget elementor-widget-heading\" data-id=\"e303421\" data-element_type=\"widget\" data-e-type=\"widget\" data-widget_type=\"heading.default\">\n\t\t\t\t<div class=\"elementor-widget-container\">\n\t\t\t\t\t<h2 class=\"elementor-heading-title elementor-size-default\">Pol\u00edtica de cookies<\/h2>\t\t\t\t<\/div>\n\t\t\t\t<\/div>\n\t\t\t\t\t<\/div>\n\t\t<\/div>\n\t\t\t\t\t<\/div>\n\t\t<\/section>\n\t\t\t\t<section class=\"elementor-section elementor-top-section elementor-element elementor-element-7127620 elementor-section-boxed elementor-section-height-default elementor-section-height-default\" data-id=\"7127620\" data-element_type=\"section\" data-e-type=\"section\">\n\t\t\t\t\t\t<div class=\"elementor-container elementor-column-gap-default\">\n\t\t\t\t\t<div class=\"elementor-column elementor-col-100 elementor-top-column elementor-element elementor-element-996e004\" data-id=\"996e004\" data-element_type=\"column\" data-e-type=\"column\">\n\t\t\t<div class=\"elementor-widget-wrap elementor-element-populated\">\n\t\t\t\t\t\t<div class=\"elementor-element elementor-element-7ea40ab elementor-widget elementor-widget-text-editor\" data-id=\"7ea40ab\" data-element_type=\"widget\" data-e-type=\"widget\" data-widget_type=\"text-editor.default\">\n\t\t\t\t<div class=\"elementor-widget-container\">\n\t\t\t\t\t\t\t\t\t<p>Usamos cookies para permitir y facilitar el uso de la web y para optimizar la presentaci\u00f3n. Puede deshabilitar o bloquear las cookies en su navegador.<\/p><h3>Tipos de cookies utilizadas en el Sitio Web:<\/h3><p>El Sitio Web utiliza los siguientes tipos de cookies:<\/p><ul><li><strong>Cookies publicitarias<\/strong>: Son aquellas gestionadas por un tercero con objetivos publicitarios, contienen un valor \u00fanico generado de forma aleatoria que permite a la herramienta diferenciar entre dispositivos y navegadores, siendo dicha informaci\u00f3n utilizada para la medici\u00f3n de los anuncios y recomendaci\u00f3n de productos.<\/li><li><strong>Cookies anal\u00edticas<\/strong>: Cuando el usuario se introduce en el Sitio Web, a trav\u00e9s de esta herramienta se recopila informaci\u00f3n an\u00f3nima de manera est\u00e1ndar sobre la navegaci\u00f3n del usuario y sus patrones de comportamiento.<\/li><\/ul><p>A continuaci\u00f3n, se detallan qu\u00e9 empresas son los que utilizan las cookies de anal\u00edtica y de publicidad en el Sitio Web:<\/p><h4>Google<\/h4><p><a href=\"https:\/\/policies.google.com\/technologies\/cookies?hl=es\" target=\"_blank\" rel=\"noopener\">https:\/\/policies.google.com\/technologies\/cookies?hl=es<\/a><\/p><p><br \/>Listado de cookies habilitadas:<\/p><p>Google Analytics:<\/p><ul><li>__utma<\/li><li>__utmb<\/li><li>__utmc<\/li><li>__utmz<\/li><li>__utmv<\/li><\/ul><p><strong>Deshabilitar las cookies.<\/strong><\/p><p>Todos los navegadores permiten hacer cambios para desactivar la configuraci\u00f3n de las cookies. Este es el motivo por el que la mayor\u00eda de navegadores ofrecen la posibilidad de administrar las cookies, para obtener un control m\u00e1s preciso sobre la privacidad.<br \/><br \/>Estos ajustes se encuentran ubicados en las \u00abopciones\u00bb o \u00abpreferencias\u00bb del men\u00fa de su navegador.<br \/><br \/>A continuaci\u00f3n podr\u00e1 encontrar los links de cada navegador para deshabilitar las cookies siguiendo las instrucciones:<br \/><strong>Internet Explorer\u00a0<\/strong>(<a href=\"http:\/\/goo.gl\/vFM6gb\" target=\"_blank\" rel=\"noopener\">http:\/\/goo.gl\/vFM6gb<\/a>)<\/p><ul><li>En el men\u00fa de herramientas, seleccione \u201cOpciones de Internet\u201d.<\/li><li>Haga clic en la pesta\u00f1a de privacidad.<\/li><li>Podr\u00e1 configurar la privacidad con un cursor con seis posiciones que le permite controlar la cantidad de cookies que se instalar\u00e1n: Bloquear todas las cookies, Alta, Media Alto, Media (nivel por defecto), Baja, y Aceptar todas las cookies.<\/li><\/ul><p><strong>Mozilla Firefox\u00a0<\/strong>(<a href=\"http:\/\/goo.gl\/QXWYmv\" target=\"_blank\" rel=\"noopener\">http:\/\/goo.gl\/QXWYmv<\/a>)<\/p><ul><li>En la parte superior de la ventana de Firefox hacer clic en el men\u00fa Herramientas.<\/li><li>Seleccionar Opciones.<\/li><li>Seleccionar el panel Privacidad.<\/li><li>En la opci\u00f3n Firefox podr\u00e1 elegir Usar una configuraci\u00f3n personalizada para el historial para configurar las opciones.<\/li><\/ul><p><strong>Google Chrome\u00a0<\/strong>(<a href=\"http:\/\/goo.gl\/fQnkSB\" target=\"_blank\" rel=\"noopener\">http:\/\/goo.gl\/fQnkSB<\/a>)<\/p><ul><li>Hacer clic en el men\u00fa situado en la barra de herramientas.<\/li><li>Seleccionar Configuraci\u00f3n.<\/li><li>Hacer clic en Mostar opciones avanzadas.<\/li><li>En la secci\u00f3n &#8216;Privacidad&#8217; hacer clic en el bot\u00f3n Configuraci\u00f3n de contenido.<\/li><li>En la secci\u00f3n de &#8216;Cookies&#8217; se pueden configurar las opciones.<\/li><\/ul><p><strong>Safari\u00a0<\/strong>(<a href=\"https:\/\/goo.gl\/PCjEm3\" target=\"_blank\" rel=\"noopener\">https:\/\/goo.gl\/PCjEm3<\/a>\u00a0\/\u00a0<a href=\"https:\/\/goo.gl\/dQywEo\" target=\"_blank\" rel=\"noopener\">https:\/\/goo.gl\/dQywEo<\/a>)<\/p><ul><li>En el men\u00fa de configuraci\u00f3n, seleccione la opci\u00f3n de \u201cpreferencias\u201d.<\/li><li>Abra la pesta\u00f1a de privacidad.<\/li><li>Seleccione la opci\u00f3n que quiera de la secci\u00f3n de \u201cbloquear cookies\u201d.<\/li><li>Recuerde que ciertas funciones y la plena funcionalidad del Sitio pueden no estar disponibles despu\u00e9s de deshabilitar los cookies.<\/li><\/ul><p>Si desea no ser rastreado por las cookies, Google ha desarrollado un complemento para instalar en su navegador al que puede acceder en el siguiente enlace:\u00a0<a href=\"http:\/\/goo.gl\/up4ND\" target=\"_blank\" rel=\"noopener\">http:\/\/goo.gl\/up4ND<\/a>.<br \/><br \/><strong>Cookies en los dispositivos m\u00f3viles.<\/strong><br \/>El Sitio Web tambi\u00e9n usa cookies u otros dispositivos de almacenamiento en dispositivos m\u00f3viles.<br \/><br \/>Al igual que sucede en los navegadores de ordenadores, lo navegadores de los dispositivos m\u00f3viles permiten realizar cambios en las opciones o ajustes de privacidad para desactivar o eliminar las cookies.<br \/><br \/>Si desea modificar las opciones de privacidad siga las instrucciones especificadas por el desarrollador de su navegador para dispositivo m\u00f3vil.<br \/><br \/>A continuaci\u00f3n podr\u00e1 encontrar algunos ejemplos de los links que le guiar\u00e1n para modificar las opciones de privacidad en su dispositivo m\u00f3vil:<br \/><strong>IOS:<\/strong>\u00a0<a href=\"http:\/\/goo.gl\/61xevS\" target=\"_blank\" rel=\"noopener\">(http:\/\/goo.gl\/61xevS)<\/a><br \/><strong>Windows Phone:<\/strong>\u00a0<a href=\"http:\/\/goo.gl\/Rx8QQ\" target=\"_blank\" rel=\"noopener\">(http:\/\/goo.gl\/Rx8QQ)<\/a><br \/><strong>Chrome Mobile:<\/strong>\u00a0<a href=\"http:\/\/goo.gl\/XJp7N\" target=\"_blank\" rel=\"noopener\">(http:\/\/goo.gl\/XJp7N)<\/a><br \/><strong>Opera Mobile:<\/strong>\u00a0<a href=\"http:\/\/goo.gl\/Nzr8s7\" target=\"_blank\" rel=\"noopener\">(http:\/\/goo.gl\/Nzr8s7)<\/a><br \/><br \/><strong>Aceptaci\u00f3n de cookies.<\/strong><br \/>Si usted contin\u00faa su navegaci\u00f3n, entenderemos que acepta la utilizaci\u00f3n de las cookies por parte del Sitio Web.<br \/><br \/>Le informamos que en el caso de bloquear o no aceptar la instalaci\u00f3n de cookies, es posible que ciertos servicios no est\u00e9n disponibles sin la utilizaci\u00f3n de \u00e9stas o que no pueda acceder a determinados servicios ni tampoco aprovechar por completo todo lo que este Sitio Web le ofrece.<br \/><br \/>Para m\u00e1s informaci\u00f3n, puede consultar la gu\u00eda sobre el uso de las cookies de la Agencia Espa\u00f1ola de Protecci\u00f3n de Datos.<\/p>\t\t\t\t\t\t\t\t<\/div>\n\t\t\t\t<\/div>\n\t\t\t\t\t<\/div>\n\t\t<\/div>\n\t\t\t\t\t<\/div>\n\t\t<\/section>\n\t\t\t\t<\/div>\n\t\t","protected":false},"excerpt":{"rendered":"<p>Pol\u00edtica de cookies Usamos cookies para permitir y facilitar el uso de la web y para optimizar la presentaci\u00f3n. Puede deshabilitar o bloquear las cookies en su navegador. Tipos de cookies utilizadas en el Sitio Web: El Sitio Web utiliza los siguientes tipos de cookies: Cookies publicitarias: Son aquellas gestionadas por un tercero con objetivos &hellip;<\/p>\n<p class=\"read-more\"> <a class=\"\" href=\"https:\/\/caboresiduos.com\/index.php\/politica-de-cookies\/\"> <span class=\"screen-reader-text\">Pol\u00edtica de cookies<\/span> Leer m\u00e1s &raquo;<\/a><\/p>\n","protected":false},"author":1,"featured_media":0,"parent":0,"menu_order":0,"comment_status":"closed","ping_status":"closed","template":"","meta":{"site-sidebar-layout":"no-sidebar","site-content-layout":"page-builder","ast-global-header-display":"","ast-banner-title-visibility":"","ast-main-header-display":"","ast-hfb-above-header-display":"","ast-hfb-below-header-display":"","ast-hfb-mobile-header-display":"","site-post-title":"disabled","ast-breadcrumbs-content":"","ast-featured-img":"disabled","footer-sml-layout":"","theme-transparent-header-meta":"","adv-header-id-meta":"","stick-header-meta":"","header-above-stick-meta":"","header-main-stick-meta":"","header-below-stick-meta":"","footnotes":""},"class_list":["post-393","page","type-page","status-publish","hentry"],"yoast_head":"<!-- This site is optimized with the Yoast SEO plugin v27.6 - https:\/\/yoast.com\/product\/yoast-seo-wordpress\/ -->\n<title>Pol\u00edtica de cookies - Cabo Residuos<\/title>\n<meta name=\"robots\" content=\"index, follow, max-snippet:-1, max-image-preview:large, max-video-preview:-1\" \/>\n<link rel=\"canonical\" href=\"https:\/\/caboresiduos.com\/index.php\/politica-de-cookies\/\" \/>\n<meta property=\"og:locale\" content=\"es_ES\" \/>\n<meta property=\"og:type\" content=\"article\" \/>\n<meta property=\"og:title\" content=\"Pol\u00edtica de cookies - Cabo Residuos\" \/>\n<meta property=\"og:description\" content=\"Pol\u00edtica de cookies Usamos cookies para permitir y facilitar el uso de la web y para optimizar la presentaci\u00f3n. Puede deshabilitar o bloquear las cookies en su navegador. Tipos de cookies utilizadas en el Sitio Web: El Sitio Web utiliza los siguientes tipos de cookies: Cookies publicitarias: Son aquellas gestionadas por un tercero con objetivos &hellip; Pol\u00edtica de cookies Leer m\u00e1s &raquo;\" \/>\n<meta property=\"og:url\" content=\"https:\/\/caboresiduos.com\/index.php\/politica-de-cookies\/\" \/>\n<meta property=\"og:site_name\" content=\"Cabo Residuos\" \/>\n<meta property=\"article:modified_time\" content=\"2023-05-19T09:12:12+00:00\" \/>\n<meta name=\"twitter:card\" content=\"summary_large_image\" \/>\n<meta name=\"twitter:label1\" content=\"Tiempo de lectura\" \/>\n\t<meta name=\"twitter:data1\" content=\"3 minutos\" \/>\n<script type=\"application\/ld+json\" class=\"yoast-schema-graph\">{\"@context\":\"https:\\\/\\\/schema.org\",\"@graph\":[{\"@type\":\"WebPage\",\"@id\":\"https:\\\/\\\/caboresiduos.com\\\/index.php\\\/politica-de-cookies\\\/\",\"url\":\"https:\\\/\\\/caboresiduos.com\\\/index.php\\\/politica-de-cookies\\\/\",\"name\":\"Pol\u00edtica de cookies - Cabo Residuos\",\"isPartOf\":{\"@id\":\"https:\\\/\\\/caboresiduos.com\\\/#website\"},\"datePublished\":\"2023-05-19T09:06:48+00:00\",\"dateModified\":\"2023-05-19T09:12:12+00:00\",\"breadcrumb\":{\"@id\":\"https:\\\/\\\/caboresiduos.com\\\/index.php\\\/politica-de-cookies\\\/#breadcrumb\"},\"inLanguage\":\"es\",\"potentialAction\":[{\"@type\":\"ReadAction\",\"target\":[\"https:\\\/\\\/caboresiduos.com\\\/index.php\\\/politica-de-cookies\\\/\"]}]},{\"@type\":\"BreadcrumbList\",\"@id\":\"https:\\\/\\\/caboresiduos.com\\\/index.php\\\/politica-de-cookies\\\/#breadcrumb\",\"itemListElement\":[{\"@type\":\"ListItem\",\"position\":1,\"name\":\"Portada\",\"item\":\"https:\\\/\\\/caboresiduos.com\\\/\"},{\"@type\":\"ListItem\",\"position\":2,\"name\":\"Pol\u00edtica de cookies\"}]},{\"@type\":\"WebSite\",\"@id\":\"https:\\\/\\\/caboresiduos.com\\\/#website\",\"url\":\"https:\\\/\\\/caboresiduos.com\\\/\",\"name\":\"Cabo Residuos\",\"description\":\"\",\"publisher\":{\"@id\":\"https:\\\/\\\/caboresiduos.com\\\/#organization\"},\"potentialAction\":[{\"@type\":\"SearchAction\",\"target\":{\"@type\":\"EntryPoint\",\"urlTemplate\":\"https:\\\/\\\/caboresiduos.com\\\/?s={search_term_string}\"},\"query-input\":{\"@type\":\"PropertyValueSpecification\",\"valueRequired\":true,\"valueName\":\"search_term_string\"}}],\"inLanguage\":\"es\"},{\"@type\":\"Organization\",\"@id\":\"https:\\\/\\\/caboresiduos.com\\\/#organization\",\"name\":\"Cabo Residuos, S.L.\",\"url\":\"https:\\\/\\\/caboresiduos.com\\\/\",\"logo\":{\"@type\":\"ImageObject\",\"inLanguage\":\"es\",\"@id\":\"https:\\\/\\\/caboresiduos.com\\\/#\\\/schema\\\/logo\\\/image\\\/\",\"url\":\"https:\\\/\\\/caboresiduos.com\\\/wp-content\\\/uploads\\\/2023\\\/05\\\/cropped-Logo.jpg\",\"contentUrl\":\"https:\\\/\\\/caboresiduos.com\\\/wp-content\\\/uploads\\\/2023\\\/05\\\/cropped-Logo.jpg\",\"width\":1280,\"height\":427,\"caption\":\"Cabo Residuos, S.L.\"},\"image\":{\"@id\":\"https:\\\/\\\/caboresiduos.com\\\/#\\\/schema\\\/logo\\\/image\\\/\"}}]}<\/script>\n<!-- \/ Yoast SEO plugin. -->","yoast_head_json":{"title":"Pol\u00edtica de cookies - Cabo Residuos","robots":{"index":"index","follow":"follow","max-snippet":"max-snippet:-1","max-image-preview":"max-image-preview:large","max-video-preview":"max-video-preview:-1"},"canonical":"https:\/\/caboresiduos.com\/index.php\/politica-de-cookies\/","og_locale":"es_ES","og_type":"article","og_title":"Pol\u00edtica de cookies - Cabo Residuos","og_description":"Pol\u00edtica de cookies Usamos cookies para permitir y facilitar el uso de la web y para optimizar la presentaci\u00f3n. Puede deshabilitar o bloquear las cookies en su navegador. Tipos de cookies utilizadas en el Sitio Web: El Sitio Web utiliza los siguientes tipos de cookies: Cookies publicitarias: Son aquellas gestionadas por un tercero con objetivos &hellip; Pol\u00edtica de cookies Leer m\u00e1s &raquo;","og_url":"https:\/\/caboresiduos.com\/index.php\/politica-de-cookies\/","og_site_name":"Cabo Residuos","article_modified_time":"2023-05-19T09:12:12+00:00","twitter_card":"summary_large_image","twitter_misc":{"Tiempo de lectura":"3 minutos"},"schema":{"@context":"https:\/\/schema.org","@graph":[{"@type":"WebPage","@id":"https:\/\/caboresiduos.com\/index.php\/politica-de-cookies\/","url":"https:\/\/caboresiduos.com\/index.php\/politica-de-cookies\/","name":"Pol\u00edtica de cookies - Cabo Residuos","isPartOf":{"@id":"https:\/\/caboresiduos.com\/#website"},"datePublished":"2023-05-19T09:06:48+00:00","dateModified":"2023-05-19T09:12:12+00:00","breadcrumb":{"@id":"https:\/\/caboresiduos.com\/index.php\/politica-de-cookies\/#breadcrumb"},"inLanguage":"es","potentialAction":[{"@type":"ReadAction","target":["https:\/\/caboresiduos.com\/index.php\/politica-de-cookies\/"]}]},{"@type":"BreadcrumbList","@id":"https:\/\/caboresiduos.com\/index.php\/politica-de-cookies\/#breadcrumb","itemListElement":[{"@type":"ListItem","position":1,"name":"Portada","item":"https:\/\/caboresiduos.com\/"},{"@type":"ListItem","position":2,"name":"Pol\u00edtica de cookies"}]},{"@type":"WebSite","@id":"https:\/\/caboresiduos.com\/#website","url":"https:\/\/caboresiduos.com\/","name":"Cabo Residuos","description":"","publisher":{"@id":"https:\/\/caboresiduos.com\/#organization"},"potentialAction":[{"@type":"SearchAction","target":{"@type":"EntryPoint","urlTemplate":"https:\/\/caboresiduos.com\/?s={search_term_string}"},"query-input":{"@type":"PropertyValueSpecification","valueRequired":true,"valueName":"search_term_string"}}],"inLanguage":"es"},{"@type":"Organization","@id":"https:\/\/caboresiduos.com\/#organization","name":"Cabo Residuos, S.L.","url":"https:\/\/caboresiduos.com\/","logo":{"@type":"ImageObject","inLanguage":"es","@id":"https:\/\/caboresiduos.com\/#\/schema\/logo\/image\/","url":"https:\/\/caboresiduos.com\/wp-content\/uploads\/2023\/05\/cropped-Logo.jpg","contentUrl":"https:\/\/caboresiduos.com\/wp-content\/uploads\/2023\/05\/cropped-Logo.jpg","width":1280,"height":427,"caption":"Cabo Residuos, S.L."},"image":{"@id":"https:\/\/caboresiduos.com\/#\/schema\/logo\/image\/"}}]}},"_links":{"self":[{"href":"https:\/\/caboresiduos.com\/index.php\/wp-json\/wp\/v2\/pages\/393","targetHints":{"allow":["GET"]}}],"collection":[{"href":"https:\/\/caboresiduos.com\/index.php\/wp-json\/wp\/v2\/pages"}],"about":[{"href":"https:\/\/caboresiduos.com\/index.php\/wp-json\/wp\/v2\/types\/page"}],"author":[{"embeddable":true,"href":"https:\/\/caboresiduos.com\/index.php\/wp-json\/wp\/v2\/users\/1"}],"replies":[{"embeddable":true,"href":"https:\/\/caboresiduos.com\/index.php\/wp-json\/wp\/v2\/comments?post=393"}],"version-history":[{"count":4,"href":"https:\/\/caboresiduos.com\/index.php\/wp-json\/wp\/v2\/pages\/393\/revisions"}],"predecessor-version":[{"id":397,"href":"https:\/\/caboresiduos.com\/index.php\/wp-json\/wp\/v2\/pages\/393\/revisions\/397"}],"wp:attachment":[{"href":"https:\/\/caboresiduos.com\/index.php\/wp-json\/wp\/v2\/media?parent=393"}],"curies":[{"name":"wp","href":"https:\/\/api.w.org\/{rel}","templated":true}]}}