{"id":385,"date":"2023-05-18T17:33:45","date_gmt":"2023-05-18T17:33:45","guid":{"rendered":"https:\/\/caboresiduos.com\/?page_id=385"},"modified":"2023-05-18T17:37:34","modified_gmt":"2023-05-18T17:37:34","slug":"politica-de-privacidad","status":"publish","type":"page","link":"https:\/\/caboresiduos.com\/index.php\/politica-de-privacidad\/","title":{"rendered":"Pol\u00edtica de privacidad"},"content":{"rendered":"\t\t<div data-elementor-type=\"wp-page\" data-elementor-id=\"385\" class=\"elementor elementor-385\" data-elementor-post-type=\"page\">\n\t\t\t\t\t\t<section class=\"elementor-section elementor-top-section elementor-element elementor-element-e2f2e2c elementor-section-boxed elementor-section-height-default elementor-section-height-default\" data-id=\"e2f2e2c\" data-element_type=\"section\" data-e-type=\"section\">\n\t\t\t\t\t\t<div class=\"elementor-container elementor-column-gap-default\">\n\t\t\t\t\t<div class=\"elementor-column elementor-col-100 elementor-top-column elementor-element elementor-element-e85665a\" data-id=\"e85665a\" data-element_type=\"column\" data-e-type=\"column\">\n\t\t\t<div class=\"elementor-widget-wrap elementor-element-populated\">\n\t\t\t\t\t\t<div class=\"elementor-element elementor-element-ebe6207 elementor-widget elementor-widget-heading\" data-id=\"ebe6207\" data-element_type=\"widget\" data-e-type=\"widget\" data-widget_type=\"heading.default\">\n\t\t\t\t<div class=\"elementor-widget-container\">\n\t\t\t\t\t<h2 class=\"elementor-heading-title elementor-size-default\">Pol\u00edtica de privacidad<\/h2>\t\t\t\t<\/div>\n\t\t\t\t<\/div>\n\t\t\t\t<div class=\"elementor-element elementor-element-5ed2f94 elementor-widget elementor-widget-text-editor\" data-id=\"5ed2f94\" data-element_type=\"widget\" data-e-type=\"widget\" data-widget_type=\"text-editor.default\">\n\t\t\t\t<div class=\"elementor-widget-container\">\n\t\t\t\t\t\t\t\t\t<p>El objeto del presente aviso de privacidad es informar a los USUARIOS sobre los tratamientos que se llevar\u00e1n a cabo por parte de CABO RESIDUOS, S.L. (en adelante, CABO RESIDUOS).<\/p><p>Los usuarios deber\u00e1n consultar peri\u00f3dicamente la pol\u00edtica de privacidad con la finalidad de estar informados de los diferentes tratamientos de datos llevados a cabo por CABO RESIDUOS, dadas las posibles modificaciones de \u00e9stas, las cuales se realizar\u00e1n sin previo aviso.<\/p><p>Al usar este sitio, estar\u00e1s aceptando la pol\u00edtica de privacidad de CABO RESIDUOS. Cuando los tratamientos de datos llevados a cabo por CABO RESIDUOS requieran el consentimiento de los USUARIOS, se solicitar\u00e1 el mismo en el momento de la recogida.<\/p><p>Los tratamientos de datos de car\u00e1cter personal de los usuarios se realizar\u00e1n conforme a lo establecido en la normativa europea y espa\u00f1ola vigente sobre protecci\u00f3n de datos de car\u00e1cter personal y normativa complementaria.<\/p><p>En cumplimiento del Reglamento Europeo sobre protecci\u00f3n de datos (RGPD) y de la Ley Org\u00e1nica 3\/2018, de protecci\u00f3n de datos de car\u00e1cter personal y garant\u00eda de los derechos digitales te informamos que el responsable del tratamiento es CABO RESIDUOS, S.L., con domicilio en Calle Robles, n\u00ba 13, c\u00f3digo postal 13.002 de Ciudad Real. y con CIF B13518360.<\/p><p>CABO RESIDUOS es el \u00fanico responsable de los tratamientos de car\u00e1cter personal recogidos del sitio web y el USUARIO ser\u00e1 responsable de la veracidad de los datos que facilite.<\/p><p>Los datos que nos proporciones a trav\u00e9s del formulario de contacto del sitio web www.caboresiduos.com ser\u00e1n tratados con la exclusiva finalidad de gestionar de las solicitudes de informaci\u00f3n que nos remit\u00e1is a trav\u00e9s del sitio web mediante el formulario de contacto, siendo la base jur\u00eddica del tratamiento el consentimiento del USUARIO.<\/p><p>Los datos ser\u00e1n conservados durante el plazo que sea necesario para llevar a cabo la relaci\u00f3n comercial o durante los a\u00f1os que sea necesario para cumplir con las obligaciones legales.<\/p><p>CABO RESIDUOS \u00fanicamente tiene previstas las cesiones de los datos de car\u00e1cter personal impuestas por la Ley. Cualquier cesi\u00f3n a destinarios diferentes a los dispuestos por la Ley, se comunicar\u00e1 a los USUARIOS en el momento de la recogida.<\/p><p>CABO RESIDUOS no realiza tratamientos de datos con fines comerciales ni solicita datos de car\u00e1cter personal m\u00e1s all\u00e1 de los solicitados en el formulario de contacto que ponemos a disposici\u00f3n de nuestros usuarios.<\/p><p>CABO RESIDUOS ha adoptado los niveles de seguridad de protecci\u00f3n de los datos personales legalmente requeridos y procuramos instalar otros medios y medidas t\u00e9cnicas de protecci\u00f3n adiciones. No obstante, como titular de los datos debes ser consciente de las medidas de seguridad en Internet no son inexpugnables.<\/p><p>Tienes derecho a obtener confirmaci\u00f3n sobre si estamos tratando tus datos y por tanto tiene derecho a acceder a tus datos personales, rectificar los datos inexactos o solicitar su supresi\u00f3n cuando los datos ya no sean necesarios mediante correo postal dirigido a CABO RESIDUOS, S.L., Calle Robles, n\u00ba 13, c\u00f3digo postal 13.002 de Ciudad Real o mediante e-mail dirigida a <a href=\"mailto:Arturo.borja@caboresiduos.com\">arturo.borja@caboresiduos.com<\/a> adjuntando copia que acredite su identidad. En la misma direcci\u00f3n de correo electr\u00f3nico puedes ponerte en contacto con nuestro delegado de protecci\u00f3n de datos o solicitar la revocaci\u00f3n del consentimiento otorgado. Igualmente os informamos que pod\u00e9is interponer una reclamaci\u00f3n ante la Agencia Espa\u00f1ola de Protecci\u00f3n de Datos<\/p>\t\t\t\t\t\t\t\t<\/div>\n\t\t\t\t<\/div>\n\t\t\t\t\t<\/div>\n\t\t<\/div>\n\t\t\t\t\t<\/div>\n\t\t<\/section>\n\t\t\t\t<\/div>\n\t\t","protected":false},"excerpt":{"rendered":"<p>Pol\u00edtica de privacidad El objeto del presente aviso de privacidad es informar a los USUARIOS sobre los tratamientos que se llevar\u00e1n a cabo por parte de CABO RESIDUOS, S.L. (en adelante, CABO RESIDUOS). Los usuarios deber\u00e1n consultar peri\u00f3dicamente la pol\u00edtica de privacidad con la finalidad de estar informados de los diferentes tratamientos de datos llevados &hellip;<\/p>\n<p class=\"read-more\"> <a class=\"\" href=\"https:\/\/caboresiduos.com\/index.php\/politica-de-privacidad\/\"> <span class=\"screen-reader-text\">Pol\u00edtica de privacidad<\/span> Leer m\u00e1s &raquo;<\/a><\/p>\n","protected":false},"author":1,"featured_media":0,"parent":0,"menu_order":0,"comment_status":"closed","ping_status":"closed","template":"","meta":{"site-sidebar-layout":"no-sidebar","site-content-layout":"page-builder","ast-global-header-display":"","ast-banner-title-visibility":"","ast-main-header-display":"","ast-hfb-above-header-display":"","ast-hfb-below-header-display":"","ast-hfb-mobile-header-display":"","site-post-title":"disabled","ast-breadcrumbs-content":"","ast-featured-img":"disabled","footer-sml-layout":"","theme-transparent-header-meta":"","adv-header-id-meta":"","stick-header-meta":"","header-above-stick-meta":"","header-main-stick-meta":"","header-below-stick-meta":"","footnotes":""},"class_list":["post-385","page","type-page","status-publish","hentry"],"yoast_head":"<!-- This site is optimized with the Yoast SEO plugin v27.6 - https:\/\/yoast.com\/product\/yoast-seo-wordpress\/ -->\n<title>Pol\u00edtica de privacidad - Cabo Residuos<\/title>\n<meta name=\"robots\" content=\"index, follow, max-snippet:-1, max-image-preview:large, max-video-preview:-1\" \/>\n<link rel=\"canonical\" href=\"https:\/\/caboresiduos.com\/index.php\/politica-de-privacidad\/\" \/>\n<meta property=\"og:locale\" content=\"es_ES\" \/>\n<meta property=\"og:type\" content=\"article\" \/>\n<meta property=\"og:title\" content=\"Pol\u00edtica de privacidad - Cabo Residuos\" \/>\n<meta property=\"og:description\" content=\"Pol\u00edtica de privacidad El objeto del presente aviso de privacidad es informar a los USUARIOS sobre los tratamientos que se llevar\u00e1n a cabo por parte de CABO RESIDUOS, S.L. (en adelante, CABO RESIDUOS). Los usuarios deber\u00e1n consultar peri\u00f3dicamente la pol\u00edtica de privacidad con la finalidad de estar informados de los diferentes tratamientos de datos llevados &hellip; Pol\u00edtica de privacidad Leer m\u00e1s &raquo;\" \/>\n<meta property=\"og:url\" content=\"https:\/\/caboresiduos.com\/index.php\/politica-de-privacidad\/\" \/>\n<meta property=\"og:site_name\" content=\"Cabo Residuos\" \/>\n<meta property=\"article:modified_time\" content=\"2023-05-18T17:37:34+00:00\" \/>\n<meta name=\"twitter:card\" content=\"summary_large_image\" \/>\n<meta name=\"twitter:label1\" content=\"Tiempo de lectura\" \/>\n\t<meta name=\"twitter:data1\" content=\"1 minuto\" \/>\n<script type=\"application\/ld+json\" class=\"yoast-schema-graph\">{\"@context\":\"https:\\\/\\\/schema.org\",\"@graph\":[{\"@type\":\"WebPage\",\"@id\":\"https:\\\/\\\/caboresiduos.com\\\/index.php\\\/politica-de-privacidad\\\/\",\"url\":\"https:\\\/\\\/caboresiduos.com\\\/index.php\\\/politica-de-privacidad\\\/\",\"name\":\"Pol\u00edtica de privacidad - Cabo Residuos\",\"isPartOf\":{\"@id\":\"https:\\\/\\\/caboresiduos.com\\\/#website\"},\"datePublished\":\"2023-05-18T17:33:45+00:00\",\"dateModified\":\"2023-05-18T17:37:34+00:00\",\"breadcrumb\":{\"@id\":\"https:\\\/\\\/caboresiduos.com\\\/index.php\\\/politica-de-privacidad\\\/#breadcrumb\"},\"inLanguage\":\"es\",\"potentialAction\":[{\"@type\":\"ReadAction\",\"target\":[\"https:\\\/\\\/caboresiduos.com\\\/index.php\\\/politica-de-privacidad\\\/\"]}]},{\"@type\":\"BreadcrumbList\",\"@id\":\"https:\\\/\\\/caboresiduos.com\\\/index.php\\\/politica-de-privacidad\\\/#breadcrumb\",\"itemListElement\":[{\"@type\":\"ListItem\",\"position\":1,\"name\":\"Portada\",\"item\":\"https:\\\/\\\/caboresiduos.com\\\/\"},{\"@type\":\"ListItem\",\"position\":2,\"name\":\"Pol\u00edtica de privacidad\"}]},{\"@type\":\"WebSite\",\"@id\":\"https:\\\/\\\/caboresiduos.com\\\/#website\",\"url\":\"https:\\\/\\\/caboresiduos.com\\\/\",\"name\":\"Cabo Residuos\",\"description\":\"\",\"publisher\":{\"@id\":\"https:\\\/\\\/caboresiduos.com\\\/#organization\"},\"potentialAction\":[{\"@type\":\"SearchAction\",\"target\":{\"@type\":\"EntryPoint\",\"urlTemplate\":\"https:\\\/\\\/caboresiduos.com\\\/?s={search_term_string}\"},\"query-input\":{\"@type\":\"PropertyValueSpecification\",\"valueRequired\":true,\"valueName\":\"search_term_string\"}}],\"inLanguage\":\"es\"},{\"@type\":\"Organization\",\"@id\":\"https:\\\/\\\/caboresiduos.com\\\/#organization\",\"name\":\"Cabo Residuos, S.L.\",\"url\":\"https:\\\/\\\/caboresiduos.com\\\/\",\"logo\":{\"@type\":\"ImageObject\",\"inLanguage\":\"es\",\"@id\":\"https:\\\/\\\/caboresiduos.com\\\/#\\\/schema\\\/logo\\\/image\\\/\",\"url\":\"https:\\\/\\\/caboresiduos.com\\\/wp-content\\\/uploads\\\/2023\\\/05\\\/cropped-Logo.jpg\",\"contentUrl\":\"https:\\\/\\\/caboresiduos.com\\\/wp-content\\\/uploads\\\/2023\\\/05\\\/cropped-Logo.jpg\",\"width\":1280,\"height\":427,\"caption\":\"Cabo Residuos, S.L.\"},\"image\":{\"@id\":\"https:\\\/\\\/caboresiduos.com\\\/#\\\/schema\\\/logo\\\/image\\\/\"}}]}<\/script>\n<!-- \/ Yoast SEO plugin. -->","yoast_head_json":{"title":"Pol\u00edtica de privacidad - Cabo Residuos","robots":{"index":"index","follow":"follow","max-snippet":"max-snippet:-1","max-image-preview":"max-image-preview:large","max-video-preview":"max-video-preview:-1"},"canonical":"https:\/\/caboresiduos.com\/index.php\/politica-de-privacidad\/","og_locale":"es_ES","og_type":"article","og_title":"Pol\u00edtica de privacidad - Cabo Residuos","og_description":"Pol\u00edtica de privacidad El objeto del presente aviso de privacidad es informar a los USUARIOS sobre los tratamientos que se llevar\u00e1n a cabo por parte de CABO RESIDUOS, S.L. (en adelante, CABO RESIDUOS). Los usuarios deber\u00e1n consultar peri\u00f3dicamente la pol\u00edtica de privacidad con la finalidad de estar informados de los diferentes tratamientos de datos llevados &hellip; Pol\u00edtica de privacidad Leer m\u00e1s &raquo;","og_url":"https:\/\/caboresiduos.com\/index.php\/politica-de-privacidad\/","og_site_name":"Cabo Residuos","article_modified_time":"2023-05-18T17:37:34+00:00","twitter_card":"summary_large_image","twitter_misc":{"Tiempo de lectura":"1 minuto"},"schema":{"@context":"https:\/\/schema.org","@graph":[{"@type":"WebPage","@id":"https:\/\/caboresiduos.com\/index.php\/politica-de-privacidad\/","url":"https:\/\/caboresiduos.com\/index.php\/politica-de-privacidad\/","name":"Pol\u00edtica de privacidad - Cabo Residuos","isPartOf":{"@id":"https:\/\/caboresiduos.com\/#website"},"datePublished":"2023-05-18T17:33:45+00:00","dateModified":"2023-05-18T17:37:34+00:00","breadcrumb":{"@id":"https:\/\/caboresiduos.com\/index.php\/politica-de-privacidad\/#breadcrumb"},"inLanguage":"es","potentialAction":[{"@type":"ReadAction","target":["https:\/\/caboresiduos.com\/index.php\/politica-de-privacidad\/"]}]},{"@type":"BreadcrumbList","@id":"https:\/\/caboresiduos.com\/index.php\/politica-de-privacidad\/#breadcrumb","itemListElement":[{"@type":"ListItem","position":1,"name":"Portada","item":"https:\/\/caboresiduos.com\/"},{"@type":"ListItem","position":2,"name":"Pol\u00edtica de privacidad"}]},{"@type":"WebSite","@id":"https:\/\/caboresiduos.com\/#website","url":"https:\/\/caboresiduos.com\/","name":"Cabo Residuos","description":"","publisher":{"@id":"https:\/\/caboresiduos.com\/#organization"},"potentialAction":[{"@type":"SearchAction","target":{"@type":"EntryPoint","urlTemplate":"https:\/\/caboresiduos.com\/?s={search_term_string}"},"query-input":{"@type":"PropertyValueSpecification","valueRequired":true,"valueName":"search_term_string"}}],"inLanguage":"es"},{"@type":"Organization","@id":"https:\/\/caboresiduos.com\/#organization","name":"Cabo Residuos, S.L.","url":"https:\/\/caboresiduos.com\/","logo":{"@type":"ImageObject","inLanguage":"es","@id":"https:\/\/caboresiduos.com\/#\/schema\/logo\/image\/","url":"https:\/\/caboresiduos.com\/wp-content\/uploads\/2023\/05\/cropped-Logo.jpg","contentUrl":"https:\/\/caboresiduos.com\/wp-content\/uploads\/2023\/05\/cropped-Logo.jpg","width":1280,"height":427,"caption":"Cabo Residuos, S.L."},"image":{"@id":"https:\/\/caboresiduos.com\/#\/schema\/logo\/image\/"}}]}},"_links":{"self":[{"href":"https:\/\/caboresiduos.com\/index.php\/wp-json\/wp\/v2\/pages\/385","targetHints":{"allow":["GET"]}}],"collection":[{"href":"https:\/\/caboresiduos.com\/index.php\/wp-json\/wp\/v2\/pages"}],"about":[{"href":"https:\/\/caboresiduos.com\/index.php\/wp-json\/wp\/v2\/types\/page"}],"author":[{"embeddable":true,"href":"https:\/\/caboresiduos.com\/index.php\/wp-json\/wp\/v2\/users\/1"}],"replies":[{"embeddable":true,"href":"https:\/\/caboresiduos.com\/index.php\/wp-json\/wp\/v2\/comments?post=385"}],"version-history":[{"count":4,"href":"https:\/\/caboresiduos.com\/index.php\/wp-json\/wp\/v2\/pages\/385\/revisions"}],"predecessor-version":[{"id":389,"href":"https:\/\/caboresiduos.com\/index.php\/wp-json\/wp\/v2\/pages\/385\/revisions\/389"}],"wp:attachment":[{"href":"https:\/\/caboresiduos.com\/index.php\/wp-json\/wp\/v2\/media?parent=385"}],"curies":[{"name":"wp","href":"https:\/\/api.w.org\/{rel}","templated":true}]}}